{"id":298,"date":"2022-11-15T10:21:59","date_gmt":"2022-11-15T10:21:59","guid":{"rendered":"https:\/\/wir-recyceln-fasern.de\/datenschutz\/"},"modified":"2024-04-05T05:48:44","modified_gmt":"2024-04-05T05:48:44","slug":"datenschutz","status":"publish","type":"page","link":"https:\/\/wir-recyceln-fasern.de\/en\/datenschutz\/","title":{"rendered":"Datenschutz"},"content":{"rendered":"\n<h3 class=\"wp-block-heading\" id=\"grundlegendes\">Grundlegendes<\/h3>\n\n\n\n<p>Diese Datenschutzinformation kl\u00e4rt \u00fcber die Art, den Umfang und Zweck der Verarbeitung von personenbezogenen Daten innerhalb unseres Onlineangebotes und der mit ihm verbundenen Website, Funktionen und Inhalte (nachfolgend gemeinsam bezeichnet als \u201eOnlineangebot\u201c oder \u201eWebsite\u201c) auf. Die Datenschutzerkl\u00e4rung gilt unabh\u00e4ngig von den verwendeten Domains, Systemen, Plattformen und Ger\u00e4ten auf denen das Onlineangebot ausgef\u00fchrt wird.<\/p>\n\n\n\n<p>Anbieter des Onlineangebotes und die datenschutzrechtlich verantwortliche Stelle ist:<\/p>\n\n\n\n<p>C\u00b3 \u2013 Carbon Concrete Composite e. V.<br>World Trade Center Dresden<br>Ammonstra\u00dfe 72<br>01067 Dresden<\/p>\n\n\n\n<p>+49 351 \u2013 48 45 67 00<br><a href=\"mailto:info@carbon-concrete.org\">info@carbon-concrete.org<\/a><br><a href=\"https:\/\/carbon-concrete.org\">carbon-concrete.org<\/a><\/p>\n\n\n\n<p>(nachfolgend bezeichnet als \u201cWebsitebetreiber\u201d, \u201cAnbieter\u201d, \u201cwir\u201d oder \u201cuns\u201d).<\/p>\n\n\n\n<p>Der Begriff \u201eNutzer\u201c umfasst alle Besucher unseres Onlineangebotes. Die verwendeten Begrifflichkeiten, wie \u201eNutzer\u201c sind geschlechtsneutral zu verstehen.<\/p>\n\n\n\n<p>Der Websitebetreiber nimmt Ihren Datenschutz sehr ernst und behandelt Ihre personenbezogenen Daten vertraulich und entsprechend der gesetzlichen Vorschriften. Da durch neue Technologien und die st\u00e4ndige Weiterentwicklung dieser Website \u00c4nderungen an dieser Datenschutzerkl\u00e4rung vorgenommen werden k\u00f6nnen, empfehlen wir Ihnen sich die Datenschutzerkl\u00e4rung in regelm\u00e4\u00dfigen Abst\u00e4nden wieder durchzulesen. Definitionen der verwendeten Begriffe (\u201cpersonenbezogene Daten\u201d, \u201cVerarbeitung\u201d etc.) finden Sie in Art. 4 DSGVO.<\/p>\n\n\n\n<h3 class=\"wp-block-heading\" id=\"zugriffsdaten\">Zugriffsdaten<\/h3>\n\n\n\n<p>Unser Hosting-Provider erhebt auf Basis eines Auftragsverarbeitungsvertrages auf dieser Website Daten \u00fcber Zugriffe auf die Website und speichert diese als \u201eServer-Logfiles\u201c auf dem Server der Website ab.<\/p>\n\n\n\n<p>Folgende Daten werden so protokolliert:<\/p>\n\n\n\n<p>\u2022 besuchte Webseite<br>\u2022 Uhrzeit zum Zeitpunkt des Zugriffes<br>\u2022 Menge der gesendeten Daten in Byte<br>\u2022 Quelle\/Verweis, von welchem Sie auf die Seite gelangten<br>\u2022 Verwendeter Browser<br>\u2022 Verwendetes Betriebssystem<br>\u2022 Verwendete IP-Adresse<\/p>\n\n\n\n<p>Rechtsgrundlage hierf\u00fcr ist Art. 6 Abs. 1 f) DS-GVO. Unser berechtigtes Interesse liegt in der Sicherheit unserer Systeme und der Aufdeckung von Missbrauch.<\/p>\n\n\n\n<p>Die Server-Logfiles unseres Hosting-Betreibers werden f\u00fcr maximal ein Jahr gespeichert und anschlie\u00dfend gel\u00f6scht.<\/p>\n\n\n\n<h3 class=\"wp-block-heading\" id=\"erfassung-und-verarbeitung-personenbezogener-daten\">Erfassung und Verarbeitung personenbezogener Daten<\/h3>\n\n\n\n<p>Der Websitebetreiber erhebt nicht automatisiert weitere personenbezogene Daten und gibt sie nur dann weiter, wenn dies im gesetzlichen Rahmen erlaubt ist oder Sie in die Datenerhebung einwilligen. Als personenbezogene Daten gelten s\u00e4mtliche Informationen, welche dazu dienen, Ihre Person zu bestimmen und welche zu Ihnen zur\u00fcckverfolgt werden k\u00f6nnen \u2013 beispielsweise Ihr Name, Ihre E-Mail-Adresse und Telefonnummer. Diese Website k\u00f6nnen Sie auch besuchen, ohne Angaben zu Ihrer Person zu machen. Zur Verbesserung unseres Angebotes speichern wir jedoch (ohne Personenbezug) Ihre Zugriffsdaten auf diese Website. Zu diesen Zugriffsdaten geh\u00f6ren z. B. die von Ihnen angeforderte Datei oder der Name Ihres Internet-Providers. Durch die Anonymisierung der Daten sind R\u00fcckschl\u00fcsse auf Ihre Person nicht m\u00f6glich.<\/p>\n\n\n\n<h3 class=\"wp-block-heading\" id=\"umgang-mit-kontaktanfragen\">Umgang mit Kontaktanfragen<\/h3>\n\n\n\n<p>Nehmen Sie mit uns als Websitebetreiber durch das Kontaktformular Verbindung auf, werden Ihre Angaben gespeichert, damit auf diese zur Bearbeitung und Beantwortung Ihrer Anfrage zur\u00fcckgegriffen werden kann. Es werden keinerlei Daten an Dritte weitergegeben. Rechtsgrundlage hierf\u00fcr ist Art. 6 Abs. 1 b) DS-GVO.<\/p>\n\n\n\n<p>Wenn Sie \u00fcber unsere Website einen Antrag auf Aufnahme als Partner stellen, werden wir neben den nicht personenbezogenen Daten zu Ihrem Unternehmen auch zumindest die Daten der im Partnerantrag angegebenen Ansprechpartner f\u00fcr die Begr\u00fcndung und Durchf\u00fchrung der Partnerschaft notwendigen Daten verarbeiten. Rechtsgrundlage hierf\u00fcr ist Art. 6 Abs. 1 b) DSGVO.<\/p>\n\n\n\n<p>Um unseren Partner einen Datenaustausch zu erm\u00f6glichen, k\u00f6nnen Sie unsere Austauschplattform nutzen. <\/p>\n\n\n\n<p>Diese Plattform wird von der C\u00b3 \u2013 Carbon Concrete Composite e. V. betrieben und die Nutzung ist vollkommen freiwillig. Mit dem Anbieter haben wir dar\u00fcber hinaus einen Auftragsverarbeitungsvertrag \u00fcber die Nutzung der Plattform geschlossen. Wir werden hierbei neben der zwingend notwendigen IP-Adresse Ihres Rechners lediglich die Daten verarbeiten, die Sie auf der Plattform zur Verf\u00fcgung stellen. Rechtsgrundlage hierf\u00fcr ist Ihre Einwilligung nach Art. 6 Abs. 1 a) DSGVO in die Nutzung die separat eingeholt werden wird.<\/p>\n\n\n\n<h3 class=\"wp-block-heading\" id=\"ssl-verschlusselung\">SSL-Verschl\u00fcsselung<\/h3>\n\n\n\n<p>Unserer Website nutzt aus Gr\u00fcnden der Sicherheit und zum Schutz der \u00dcbertragung vertraulicher Inhalte, wie zum Beispiel der Anfragen, die Sie an uns als Seitenbetreiber senden, eine SSL-Verschl\u00fcsselung. Eine verschl\u00fcsselte Verbindung erkennen Sie daran, dass die Adresszeile des Browsers von \u201ehttp:\/\/\u201c auf \u201ehttps:\/\/\u201c wechselt und an dem Schloss-Symbol in Ihrer Browserzeile.<\/p>\n\n\n\n<p>Wenn die SSL Verschl\u00fcsselung aktiviert ist, k\u00f6nnen die Daten, die Sie an uns \u00fcbermitteln, nicht von Dritten mitgelesen werden.<\/p>\n\n\n\n<h3 class=\"wp-block-heading\" id=\"rechte-des-nutzers\">Rechte des Nutzers<\/h3>\n\n\n\n<p>Sie haben als Nutzer das Recht, auf Antrag eine kostenlose Auskunft dar\u00fcber zu erhalten, welche personenbezogenen Daten \u00fcber Sie gespeichert wurden. Sie haben au\u00dferdem das Recht auf Berichtigung falscher Daten und auf die Verarbeitungseinschr\u00e4nkung oder L\u00f6schung Ihrer personenbezogenen Daten. Falls zutreffend, k\u00f6nnen Sie auch Ihr Recht auf Datenportabilit\u00e4t geltend machen. Sollten Sie annehmen, dass Ihre Daten unrechtm\u00e4\u00dfig verarbeitet wurden, k\u00f6nnen Sie eine Beschwerde bei der zust\u00e4ndigen Aufsichtsbeh\u00f6rde einreichen.<\/p>\n\n\n\n<h3 class=\"wp-block-heading\" id=\"loschung-von-daten\">L\u00f6schung von Daten<\/h3>\n\n\n\n<p>Sofern Ihr Wunsch nicht mit einer gesetzlichen Pflicht zur Aufbewahrung von Daten (z. B. Vorratsdatenspeicherung) kollidiert, haben Sie ein Anrecht auf L\u00f6schung Ihrer Daten. Von uns gespeicherte Daten werden, sollten sie f\u00fcr ihre Zweckbestimmung nicht mehr vonn\u00f6ten sein und es keine gesetzlichen Aufbewahrungsfristen geben, gel\u00f6scht. Falls eine L\u00f6schung nicht durchgef\u00fchrt werden kann, da die Daten f\u00fcr zul\u00e4ssige gesetzliche Zwecke erforderlich sind, erfolgt eine Einschr\u00e4nkung der Datenverarbeitung. In diesem Fall werden die Daten gesperrt und nicht f\u00fcr andere Zwecke verarbeitet.<\/p>\n\n\n\n<h3 class=\"wp-block-heading\" id=\"widerspruch-werbe-mails\">Widerspruch Werbe-Mails<\/h3>\n\n\n\n<p>Der Nutzung von im Rahmen der Impressumspflicht ver\u00f6ffentlichten Kontaktdaten zur \u00dcbersendung von nicht ausdr\u00fccklich angeforderter Werbung und Informationsmaterialien wird hiermit widersprochen. Die Websitebetreiber behalten sich ausdr\u00fccklich rechtliche Schritte im Falle der unverlangten Zusendung von Werbeinformationen, etwa durch Spam-E-Mails, vor.<\/p>\n\n\n\n<h3 class=\"wp-block-heading\" id=\"widerspruchsrecht\">Widerspruchsrecht<\/h3>\n\n\n\n<p>Nutzer dieser Website k\u00f6nnen von ihrem Widerspruchsrecht Gebrauch machen und der Verarbeitung ihrer personenbezogenen Daten zu jeder Zeit widersprechen. Wenn Sie eine Berichtigung, Sperrung, L\u00f6schung oder Auskunft \u00fcber die zu Ihrer Person gespeicherten personenbezogenen Daten w\u00fcnschen oder Fragen bez\u00fcglich der Erhebung, Verarbeitung oder Verwendung Ihrer personenbezogenen Daten haben oder erteilte Einwilligungen widerrufen m\u00f6chten, wenden Sie sich bitte an folgende E-Mail-Adresse: <a href=\"mailto:info@carbon-concrete.org\">info@carbon-concrete.org<\/a><\/p>\n\n\n\n<p>Stand 2024-02-13<\/p>\n","protected":false},"excerpt":{"rendered":"<p>Grundlegendes Diese Datenschutzinformation kl\u00e4rt \u00fcber die Art, den Umfang und Zweck der Verarbeitung von personenbezogenen Daten innerhalb unseres Onlineangebotes und der mit ihm verbundenen Website, Funktionen und Inhalte (nachfolgend gemeinsam bezeichnet als \u201eOnlineangebot\u201c oder \u201eWebsite\u201c) auf. Die Datenschutzerkl\u00e4rung gilt unabh\u00e4ngig von den verwendeten Domains, Systemen, Plattformen und Ger\u00e4ten auf denen das Onlineangebot ausgef\u00fchrt wird. Anbieter&#8230;<\/p>\n","protected":false},"author":5,"featured_media":0,"parent":0,"menu_order":0,"comment_status":"closed","ping_status":"closed","template":"","meta":{"_acf_changed":false,"ghostkit_customizer_options":"","ghostkit_custom_css":"","ghostkit_custom_js_head":"","ghostkit_custom_js_foot":"","ghostkit_typography":"","footnotes":""},"class_list":["post-298","page","type-page","status-publish","hentry"],"acf":[],"yoast_head":"<!-- This site is optimized with the Yoast SEO plugin v27.3 - https:\/\/yoast.com\/product\/yoast-seo-wordpress\/ -->\n<title>Datenschutz - WIR! recyceln Fasern<\/title>\n<meta name=\"description\" content=\"Erfahren Sie in unserer Datenschutzinformation alles \u00fcber die Verarbeitung personenbezogener Daten im Rahmen unseres Onlineangebotes.\" \/>\n<meta name=\"robots\" content=\"index, follow, max-snippet:-1, max-image-preview:large, max-video-preview:-1\" \/>\n<link rel=\"canonical\" href=\"https:\/\/wir-recyceln-fasern.de\/en\/datenschutz\/\" \/>\n<meta property=\"og:locale\" content=\"en_US\" \/>\n<meta property=\"og:type\" content=\"article\" \/>\n<meta property=\"og:title\" content=\"Datenschutz - WIR! recyceln Fasern\" \/>\n<meta property=\"og:description\" content=\"Erfahren Sie in unserer Datenschutzinformation alles \u00fcber die Verarbeitung personenbezogener Daten im Rahmen unseres Onlineangebotes.\" \/>\n<meta property=\"og:url\" content=\"https:\/\/wir-recyceln-fasern.de\/en\/datenschutz\/\" \/>\n<meta property=\"og:site_name\" content=\"WIR! recyceln Fasern\" \/>\n<meta property=\"article:modified_time\" content=\"2024-04-05T05:48:44+00:00\" \/>\n<meta name=\"twitter:card\" content=\"summary_large_image\" \/>\n<meta name=\"twitter:label1\" content=\"Est. reading time\" \/>\n\t<meta name=\"twitter:data1\" content=\"6 minutes\" \/>\n<script type=\"application\/ld+json\" class=\"yoast-schema-graph\">{\"@context\":\"https:\\\/\\\/schema.org\",\"@graph\":[{\"@type\":\"WebPage\",\"@id\":\"https:\\\/\\\/wir-recyceln-fasern.de\\\/en\\\/datenschutz\\\/\",\"url\":\"https:\\\/\\\/wir-recyceln-fasern.de\\\/en\\\/datenschutz\\\/\",\"name\":\"Datenschutz - WIR! recyceln Fasern\",\"isPartOf\":{\"@id\":\"https:\\\/\\\/wir-recyceln-fasern.de\\\/en\\\/#website\"},\"datePublished\":\"2022-11-15T10:21:59+00:00\",\"dateModified\":\"2024-04-05T05:48:44+00:00\",\"description\":\"Erfahren Sie in unserer Datenschutzinformation alles \u00fcber die Verarbeitung personenbezogener Daten im Rahmen unseres Onlineangebotes.\",\"breadcrumb\":{\"@id\":\"https:\\\/\\\/wir-recyceln-fasern.de\\\/en\\\/datenschutz\\\/#breadcrumb\"},\"inLanguage\":\"en-US\",\"potentialAction\":[{\"@type\":\"ReadAction\",\"target\":[\"https:\\\/\\\/wir-recyceln-fasern.de\\\/en\\\/datenschutz\\\/\"]}]},{\"@type\":\"BreadcrumbList\",\"@id\":\"https:\\\/\\\/wir-recyceln-fasern.de\\\/en\\\/datenschutz\\\/#breadcrumb\",\"itemListElement\":[{\"@type\":\"ListItem\",\"position\":1,\"name\":\"Startseite\",\"item\":\"https:\\\/\\\/wir-recyceln-fasern.de\\\/en\\\/\"},{\"@type\":\"ListItem\",\"position\":2,\"name\":\"Datenschutz\"}]},{\"@type\":\"WebSite\",\"@id\":\"https:\\\/\\\/wir-recyceln-fasern.de\\\/en\\\/#website\",\"url\":\"https:\\\/\\\/wir-recyceln-fasern.de\\\/en\\\/\",\"name\":\"WIR! recyceln Fasern\",\"description\":\"\",\"potentialAction\":[{\"@type\":\"SearchAction\",\"target\":{\"@type\":\"EntryPoint\",\"urlTemplate\":\"https:\\\/\\\/wir-recyceln-fasern.de\\\/en\\\/?s={search_term_string}\"},\"query-input\":{\"@type\":\"PropertyValueSpecification\",\"valueRequired\":true,\"valueName\":\"search_term_string\"}}],\"inLanguage\":\"en-US\"}]}<\/script>\n<!-- \/ Yoast SEO plugin. -->","yoast_head_json":{"title":"Datenschutz - WIR! recyceln Fasern","description":"Erfahren Sie in unserer Datenschutzinformation alles \u00fcber die Verarbeitung personenbezogener Daten im Rahmen unseres Onlineangebotes.","robots":{"index":"index","follow":"follow","max-snippet":"max-snippet:-1","max-image-preview":"max-image-preview:large","max-video-preview":"max-video-preview:-1"},"canonical":"https:\/\/wir-recyceln-fasern.de\/en\/datenschutz\/","og_locale":"en_US","og_type":"article","og_title":"Datenschutz - WIR! recyceln Fasern","og_description":"Erfahren Sie in unserer Datenschutzinformation alles \u00fcber die Verarbeitung personenbezogener Daten im Rahmen unseres Onlineangebotes.","og_url":"https:\/\/wir-recyceln-fasern.de\/en\/datenschutz\/","og_site_name":"WIR! recyceln Fasern","article_modified_time":"2024-04-05T05:48:44+00:00","twitter_card":"summary_large_image","twitter_misc":{"Est. reading time":"6 minutes"},"schema":{"@context":"https:\/\/schema.org","@graph":[{"@type":"WebPage","@id":"https:\/\/wir-recyceln-fasern.de\/en\/datenschutz\/","url":"https:\/\/wir-recyceln-fasern.de\/en\/datenschutz\/","name":"Datenschutz - WIR! recyceln Fasern","isPartOf":{"@id":"https:\/\/wir-recyceln-fasern.de\/en\/#website"},"datePublished":"2022-11-15T10:21:59+00:00","dateModified":"2024-04-05T05:48:44+00:00","description":"Erfahren Sie in unserer Datenschutzinformation alles \u00fcber die Verarbeitung personenbezogener Daten im Rahmen unseres Onlineangebotes.","breadcrumb":{"@id":"https:\/\/wir-recyceln-fasern.de\/en\/datenschutz\/#breadcrumb"},"inLanguage":"en-US","potentialAction":[{"@type":"ReadAction","target":["https:\/\/wir-recyceln-fasern.de\/en\/datenschutz\/"]}]},{"@type":"BreadcrumbList","@id":"https:\/\/wir-recyceln-fasern.de\/en\/datenschutz\/#breadcrumb","itemListElement":[{"@type":"ListItem","position":1,"name":"Startseite","item":"https:\/\/wir-recyceln-fasern.de\/en\/"},{"@type":"ListItem","position":2,"name":"Datenschutz"}]},{"@type":"WebSite","@id":"https:\/\/wir-recyceln-fasern.de\/en\/#website","url":"https:\/\/wir-recyceln-fasern.de\/en\/","name":"WIR! recyceln Fasern","description":"","potentialAction":[{"@type":"SearchAction","target":{"@type":"EntryPoint","urlTemplate":"https:\/\/wir-recyceln-fasern.de\/en\/?s={search_term_string}"},"query-input":{"@type":"PropertyValueSpecification","valueRequired":true,"valueName":"search_term_string"}}],"inLanguage":"en-US"}]}},"_links":{"self":[{"href":"https:\/\/wir-recyceln-fasern.de\/en\/wp-json\/wp\/v2\/pages\/298","targetHints":{"allow":["GET"]}}],"collection":[{"href":"https:\/\/wir-recyceln-fasern.de\/en\/wp-json\/wp\/v2\/pages"}],"about":[{"href":"https:\/\/wir-recyceln-fasern.de\/en\/wp-json\/wp\/v2\/types\/page"}],"author":[{"embeddable":true,"href":"https:\/\/wir-recyceln-fasern.de\/en\/wp-json\/wp\/v2\/users\/5"}],"replies":[{"embeddable":true,"href":"https:\/\/wir-recyceln-fasern.de\/en\/wp-json\/wp\/v2\/comments?post=298"}],"version-history":[{"count":11,"href":"https:\/\/wir-recyceln-fasern.de\/en\/wp-json\/wp\/v2\/pages\/298\/revisions"}],"predecessor-version":[{"id":1984,"href":"https:\/\/wir-recyceln-fasern.de\/en\/wp-json\/wp\/v2\/pages\/298\/revisions\/1984"}],"wp:attachment":[{"href":"https:\/\/wir-recyceln-fasern.de\/en\/wp-json\/wp\/v2\/media?parent=298"}],"curies":[{"name":"wp","href":"https:\/\/api.w.org\/{rel}","templated":true}]}}