{"id":295,"date":"2022-11-15T10:26:59","date_gmt":"2022-11-15T10:26:59","guid":{"rendered":"https:\/\/wir-recyceln-fasern.de\/impressum\/"},"modified":"2024-09-23T05:03:19","modified_gmt":"2024-09-23T05:03:19","slug":"impressum","status":"publish","type":"page","link":"https:\/\/wir-recyceln-fasern.de\/en\/impressum\/","title":{"rendered":"Impressum"},"content":{"rendered":"\n<h3 class=\"wp-block-heading\" id=\"kontakt\">Contact<\/h3>\n\n\n\n<p>C\u00b3 \u2013 Carbon Concrete Composite e. V.<br>World Trade Center Dresden<br>Ammonstra\u00dfe 72<br>01067 Dresden<\/p>\n\n\n\n<p>+49 351 48 45 67 00<br><a href=\"mailto:info@carbon-concrete.org\">info@carbon-concrete.org<\/a><br><a rel=\"noreferrer noopener\" href=\"http:\/\/www.carbon-concrete.org\/\" target=\"_blank\">carbon-concrete.org<\/a><\/p>\n\n\n\n<h3 class=\"wp-block-heading\" id=\"gemeinschaftlich-vertretungsbefugt\">Gemeinschaftlich vertretungsbefugt<\/h3>\n\n\n\n<p>Vorsitz: Prof. Dr.-Ing. Christian Kulas<br>C\u00b3 \u2013 Carbon Concrete Composite e. V.<br>World Trade Center Dresden<br>Institut f\u00fcr Massivbau<br>Ammonstra\u00dfe 72<br>01067 Dresden<br>+49 351 48 45 67 00<br><a href=\"mailto:info@carbon-concrete.org\">info@carbon-concrete.org<\/a><\/p>\n\n\n\n<p>stellvertretender Vorsitz: Prof. Dr.-Ing. Udo Wiens<br>C\u00b3 \u2013 Carbon Concrete Composite e. V.<br>World Trade Center Dresden<br>Ammonstra\u00dfe 72<br>01067 Dresden<br>+49 351 48 45 67 00<br><a href=\"mailto:info@carbon-concrete.org\">info@carbon-concrete.org<\/a><\/p>\n\n\n\n<h3 class=\"wp-block-heading\" id=\"das-impressum-gilt-fur\">Das Impressum gilt f\u00fcr<\/h3>\n\n\n\n<p><a href=\"https:\/\/wir-recyceln-fasern.de\/en\/\">www.wir-recyceln-fasern.de<\/a><\/p>\n\n\n\n<p>Registergericht: Amtsgericht Dresden<br>Registernummer: VR 6976<br>Umsatzsteuer-Identifikationsnummer gem. \u00a7 27 a Umsatzsteuergesetz: 203\/141\/18007<\/p>\n\n\n\n<p>Verantwortlich i. S. d. \u00a7 18 Abs. 2 MStV<br>Dr.-Ing. Stefan Minar<br>C\u00b3 \u2013 Carbon Concrete Composite e. V.<br>World Trade Center Dresden<br>Ammonstra\u00dfe 72<br>01067 Dresden<br>+49 351 48 45 67 19<br><a href=\"mailto:s.minar@carbon-concrete.org\">s.minar@carbon-concrete.org<\/a><\/p>\n\n\n\n<h3 class=\"wp-block-heading\" id=\"quellennachweis\">Quellennachweis<\/h3>\n\n\n\n<p>Startseite | Abbildungen und Video jeweils \u00a9 <a href=\"https:\/\/carbon-concrete.org\" target=\"_blank\" rel=\"noreferrer noopener\">C\u00b3 \u2013 Carbon Concrete Composite e. V.<\/a><br>News | Abbildungen zu den einzelnen Beitr\u00e4gen jeweils \u00a9 <a href=\"https:\/\/www.bescheinigung-forschungszulage.de\/\" target=\"_blank\" rel=\"noreferrer noopener\">Freepik Company S.L.<\/a><br>News | Video zum Beitrag \u00a9 <a href=\"https:\/\/www.bescheinigung-forschungszulage.de\/\">Bescheinigungsstelle Forschungszulage<\/a><br>WIR! | Abbildung \u00a9 <a href=\"https:\/\/carbon-concrete.org\" target=\"_blank\" rel=\"noreferrer noopener\">C\u00b3 \u2013 Carbon Concrete Composite e. V.<\/a><br>Aktivit\u00e4ten | Abbildungen zu den Videos \u00a9 <a href=\"https:\/\/carbon-concrete.org\" target=\"_blank\" rel=\"noreferrer noopener\">C\u00b3 \u2013 Carbon Concrete Composite e. V.<\/a>, Freigabe durch die jeweiligen Partner der Vorhaben<br>Aktivit\u00e4ten | Video zum Vorhaben jeweils \u00a9 <a href=\"https:\/\/carbon-concrete.org\" target=\"_blank\" rel=\"noreferrer noopener\">C\u00b3 \u2013 Carbon Concrete Composite e. V.<\/a>, Freigabe durch die vorhabenbezogenen Partner<br>Akteure | Plattform \u00a9 <a href=\"https:\/\/carbon-concrete.org\" target=\"_blank\" rel=\"noreferrer noopener\">C\u00b3 \u2013 Carbon Concrete Composite e. V.<\/a><br>Akteure | Logos Bereitstellung durch den jeweiligen Partner<br>F\u00f6rderprogramme | Abbildungen \u00a9 <a href=\"https:\/\/carbon-concrete.org\" target=\"_blank\" rel=\"noreferrer noopener\">C\u00b3 \u2013 Carbon Concrete Composite e. V.<\/a><br>Piktogramme auf allen Webseiten \u00a9 <a href=\"https:\/\/icons8.de\/\" target=\"_blank\" rel=\"noreferrer noopener\">Icons8 LLC<\/a><\/p>\n\n\n\n<h2 class=\"wp-block-heading\" id=\"rechtliche-hinweise\">Rechtliche Hinweise<\/h2>\n\n\n\n<h3 class=\"wp-block-heading\" id=\"haftungsbeschrankung\">Haftungsbeschr\u00e4nkung<\/h3>\n\n\n\n<p>Die Inhalte dieser Website werden mit gr\u00f6\u00dftm\u00f6glicher Sorgfalt erstellt. Der Anbieter \u00fcbernimmt jedoch keine Gew\u00e4hr f\u00fcr die Richtigkeit, Vollst\u00e4ndigkeit und Aktualit\u00e4t der bereitgestellten Inhalte. Die Nutzung der Inhalte der Website erfolgt auf eigene Gefahr des Nutzers. Namentlich gekennzeichnete Beitr\u00e4ge geben die Meinung des jeweiligen Autors und nicht immer die Meinung des Anbieters wieder. Mit der reinen Nutzung der Website des Anbieters kommt keinerlei Vertragsverh\u00e4ltnis zwischen dem Nutzer und dem Anbieter zustande.<\/p>\n\n\n\n<h3 class=\"wp-block-heading\" id=\"externe-links\">Externe Links<\/h3>\n\n\n\n<p>Diese Website enth\u00e4lt Verkn\u00fcpfungen zu Websites Dritter (\u201cexterne Links\u201d). Diese Websites unterliegen der Haftung der jeweiligen Betreiber. Der Anbieter hat bei der erstmaligen Verkn\u00fcpfung der externen Links die fremden Inhalte daraufhin \u00fcberpr\u00fcft, ob etwaige Rechtsverst\u00f6\u00dfe bestehen. Zu dem Zeitpunkt waren keine Rechtsverst\u00f6\u00dfe ersichtlich. Der Anbieter hat keinerlei Einfluss auf die aktuelle und zuk\u00fcnftige Gestaltung und auf die Inhalte der verkn\u00fcpften Seiten. Das Setzen von externen Links bedeutet nicht, dass sich der Anbieter die hinter dem Verweis oder Link liegenden Inhalte zu eigen macht. Eine st\u00e4ndige Kontrolle der externen Links ist f\u00fcr den Anbieter ohne konkrete Hinweise auf Rechtsverst\u00f6\u00dfe nicht zumutbar. Bei Kenntnis von Rechtsverst\u00f6\u00dfen werden jedoch derartige externe Links unverz\u00fcglich gel\u00f6scht.<\/p>\n\n\n\n<h3 class=\"wp-block-heading\" id=\"urheber-und-leistungsschutzrechte\">Urheber- und Leistungsschutzrechte<\/h3>\n\n\n\n<p>Die auf dieser Website ver\u00f6ffentlichten Inhalte unterliegen dem deutschen Urheber- und Leistungsschutzrecht. Jede vom deutschen Urheber- und Leistungsschutzrecht nicht zugelassene Verwertung bedarf der vorherigen schriftlichen Zustimmung des Anbieters oder jeweiligen Rechteinhabers. Dies gilt insbesondere f\u00fcr Vervielf\u00e4ltigung, Bearbeitung, \u00dcbersetzung, Einspeicherung, Verarbeitung bzw. Wiedergabe von Inhalten in Datenbanken oder anderen elektronischen Medien und Systemen. Inhalte und Rechte Dritter sind dabei als solche gekennzeichnet. Die unerlaubte Vervielf\u00e4ltigung oder Weitergabe einzelner Inhalte oder kompletter Seiten ist nicht gestattet und strafbar. Lediglich die Herstellung von Kopien und Downloads f\u00fcr den pers\u00f6nlichen, privaten und nicht kommerziellen Gebrauch ist erlaubt.<\/p>\n\n\n\n<p>Die Darstellung dieser Website in fremden Frames ist nur mit schriftlicher Erlaubnis zul\u00e4ssig.<\/p>\n\n\n\n<h3 class=\"wp-block-heading\" id=\"besondere-nutzungsbedingungen\">Besondere Nutzungsbedingungen<\/h3>\n\n\n\n<p>Soweit besondere Bedingungen f\u00fcr einzelne Nutzungen dieser Website von den vorgenannten Paragraphen abweichen, wird an entsprechender Stelle ausdr\u00fccklich darauf hingewiesen. In diesem Falle gelten im jeweiligen Einzelfall die besonderen Nutzungsbedingungen.<\/p>\n\n\n\n<h3 class=\"wp-block-heading\" id=\"quelle\">Quelle<\/h3>\n\n\n\n<p>juraforum.de<\/p>\n\n\n\n<p>Stand 2024-09-23<\/p>\n","protected":false},"excerpt":{"rendered":"<p>Contact C\u00b3 \u2013 Carbon Concrete Composite e. V.World Trade Center DresdenAmmonstra\u00dfe 7201067 Dresden +49 351 48 45 67 00info@carbon-concrete.orgcarbon-concrete.org Gemeinschaftlich vertretungsbefugt Vorsitz: Prof. Dr.-Ing. Christian KulasC\u00b3 \u2013 Carbon Concrete Composite e. V.World Trade Center DresdenInstitut f\u00fcr MassivbauAmmonstra\u00dfe 7201067 Dresden+49 351 48 45 67 00info@carbon-concrete.org stellvertretender Vorsitz: Prof. Dr.-Ing. Udo WiensC\u00b3 \u2013 Carbon Concrete Composite e&#8230;.<\/p>\n","protected":false},"author":2,"featured_media":0,"parent":0,"menu_order":0,"comment_status":"closed","ping_status":"closed","template":"","meta":{"_acf_changed":false,"ghostkit_customizer_options":"","ghostkit_custom_css":"","ghostkit_custom_js_head":"","ghostkit_custom_js_foot":"","ghostkit_typography":"","footnotes":""},"class_list":["post-295","page","type-page","status-publish","hentry"],"acf":[],"yoast_head":"<!-- This site is optimized with the Yoast SEO plugin v27.3 - https:\/\/yoast.com\/product\/yoast-seo-wordpress\/ -->\n<title>Impressum - WIR! recyceln Fasern<\/title>\n<meta name=\"description\" content=\"Impressum. Verantwortlich f\u00fcr diese Website: C\u00b3 \u2013 Carbon Concrete Composite e. V.\" \/>\n<meta name=\"robots\" content=\"index, follow, max-snippet:-1, max-image-preview:large, max-video-preview:-1\" \/>\n<link rel=\"canonical\" href=\"https:\/\/wir-recyceln-fasern.de\/en\/impressum\/\" \/>\n<meta property=\"og:locale\" content=\"en_US\" \/>\n<meta property=\"og:type\" content=\"article\" \/>\n<meta property=\"og:title\" content=\"Impressum - WIR! recyceln Fasern\" \/>\n<meta property=\"og:description\" content=\"Impressum. Verantwortlich f\u00fcr diese Website: C\u00b3 \u2013 Carbon Concrete Composite e. V.\" \/>\n<meta property=\"og:url\" content=\"https:\/\/wir-recyceln-fasern.de\/en\/impressum\/\" \/>\n<meta property=\"og:site_name\" content=\"WIR! recyceln Fasern\" \/>\n<meta property=\"article:modified_time\" content=\"2024-09-23T05:03:19+00:00\" \/>\n<meta name=\"twitter:card\" content=\"summary_large_image\" \/>\n<meta name=\"twitter:label1\" content=\"Est. reading time\" \/>\n\t<meta name=\"twitter:data1\" content=\"4 minutes\" \/>\n<script type=\"application\/ld+json\" class=\"yoast-schema-graph\">{\"@context\":\"https:\\\/\\\/schema.org\",\"@graph\":[{\"@type\":\"WebPage\",\"@id\":\"https:\\\/\\\/wir-recyceln-fasern.de\\\/en\\\/impressum\\\/\",\"url\":\"https:\\\/\\\/wir-recyceln-fasern.de\\\/en\\\/impressum\\\/\",\"name\":\"Impressum - WIR! recyceln Fasern\",\"isPartOf\":{\"@id\":\"https:\\\/\\\/wir-recyceln-fasern.de\\\/en\\\/#website\"},\"datePublished\":\"2022-11-15T10:26:59+00:00\",\"dateModified\":\"2024-09-23T05:03:19+00:00\",\"description\":\"Impressum. Verantwortlich f\u00fcr diese Website: C\u00b3 \u2013 Carbon Concrete Composite e. V.\",\"breadcrumb\":{\"@id\":\"https:\\\/\\\/wir-recyceln-fasern.de\\\/en\\\/impressum\\\/#breadcrumb\"},\"inLanguage\":\"en-US\",\"potentialAction\":[{\"@type\":\"ReadAction\",\"target\":[\"https:\\\/\\\/wir-recyceln-fasern.de\\\/en\\\/impressum\\\/\"]}]},{\"@type\":\"BreadcrumbList\",\"@id\":\"https:\\\/\\\/wir-recyceln-fasern.de\\\/en\\\/impressum\\\/#breadcrumb\",\"itemListElement\":[{\"@type\":\"ListItem\",\"position\":1,\"name\":\"Startseite\",\"item\":\"https:\\\/\\\/wir-recyceln-fasern.de\\\/en\\\/\"},{\"@type\":\"ListItem\",\"position\":2,\"name\":\"Impressum\"}]},{\"@type\":\"WebSite\",\"@id\":\"https:\\\/\\\/wir-recyceln-fasern.de\\\/en\\\/#website\",\"url\":\"https:\\\/\\\/wir-recyceln-fasern.de\\\/en\\\/\",\"name\":\"WIR! recyceln Fasern\",\"description\":\"\",\"potentialAction\":[{\"@type\":\"SearchAction\",\"target\":{\"@type\":\"EntryPoint\",\"urlTemplate\":\"https:\\\/\\\/wir-recyceln-fasern.de\\\/en\\\/?s={search_term_string}\"},\"query-input\":{\"@type\":\"PropertyValueSpecification\",\"valueRequired\":true,\"valueName\":\"search_term_string\"}}],\"inLanguage\":\"en-US\"}]}<\/script>\n<!-- \/ Yoast SEO plugin. -->","yoast_head_json":{"title":"Impressum - WIR! recyceln Fasern","description":"Impressum. Verantwortlich f\u00fcr diese Website: C\u00b3 \u2013 Carbon Concrete Composite e. V.","robots":{"index":"index","follow":"follow","max-snippet":"max-snippet:-1","max-image-preview":"max-image-preview:large","max-video-preview":"max-video-preview:-1"},"canonical":"https:\/\/wir-recyceln-fasern.de\/en\/impressum\/","og_locale":"en_US","og_type":"article","og_title":"Impressum - WIR! recyceln Fasern","og_description":"Impressum. Verantwortlich f\u00fcr diese Website: C\u00b3 \u2013 Carbon Concrete Composite e. V.","og_url":"https:\/\/wir-recyceln-fasern.de\/en\/impressum\/","og_site_name":"WIR! recyceln Fasern","article_modified_time":"2024-09-23T05:03:19+00:00","twitter_card":"summary_large_image","twitter_misc":{"Est. reading time":"4 minutes"},"schema":{"@context":"https:\/\/schema.org","@graph":[{"@type":"WebPage","@id":"https:\/\/wir-recyceln-fasern.de\/en\/impressum\/","url":"https:\/\/wir-recyceln-fasern.de\/en\/impressum\/","name":"Impressum - WIR! recyceln Fasern","isPartOf":{"@id":"https:\/\/wir-recyceln-fasern.de\/en\/#website"},"datePublished":"2022-11-15T10:26:59+00:00","dateModified":"2024-09-23T05:03:19+00:00","description":"Impressum. Verantwortlich f\u00fcr diese Website: C\u00b3 \u2013 Carbon Concrete Composite e. V.","breadcrumb":{"@id":"https:\/\/wir-recyceln-fasern.de\/en\/impressum\/#breadcrumb"},"inLanguage":"en-US","potentialAction":[{"@type":"ReadAction","target":["https:\/\/wir-recyceln-fasern.de\/en\/impressum\/"]}]},{"@type":"BreadcrumbList","@id":"https:\/\/wir-recyceln-fasern.de\/en\/impressum\/#breadcrumb","itemListElement":[{"@type":"ListItem","position":1,"name":"Startseite","item":"https:\/\/wir-recyceln-fasern.de\/en\/"},{"@type":"ListItem","position":2,"name":"Impressum"}]},{"@type":"WebSite","@id":"https:\/\/wir-recyceln-fasern.de\/en\/#website","url":"https:\/\/wir-recyceln-fasern.de\/en\/","name":"WIR! recyceln Fasern","description":"","potentialAction":[{"@type":"SearchAction","target":{"@type":"EntryPoint","urlTemplate":"https:\/\/wir-recyceln-fasern.de\/en\/?s={search_term_string}"},"query-input":{"@type":"PropertyValueSpecification","valueRequired":true,"valueName":"search_term_string"}}],"inLanguage":"en-US"}]}},"_links":{"self":[{"href":"https:\/\/wir-recyceln-fasern.de\/en\/wp-json\/wp\/v2\/pages\/295","targetHints":{"allow":["GET"]}}],"collection":[{"href":"https:\/\/wir-recyceln-fasern.de\/en\/wp-json\/wp\/v2\/pages"}],"about":[{"href":"https:\/\/wir-recyceln-fasern.de\/en\/wp-json\/wp\/v2\/types\/page"}],"author":[{"embeddable":true,"href":"https:\/\/wir-recyceln-fasern.de\/en\/wp-json\/wp\/v2\/users\/2"}],"replies":[{"embeddable":true,"href":"https:\/\/wir-recyceln-fasern.de\/en\/wp-json\/wp\/v2\/comments?post=295"}],"version-history":[{"count":14,"href":"https:\/\/wir-recyceln-fasern.de\/en\/wp-json\/wp\/v2\/pages\/295\/revisions"}],"predecessor-version":[{"id":2935,"href":"https:\/\/wir-recyceln-fasern.de\/en\/wp-json\/wp\/v2\/pages\/295\/revisions\/2935"}],"wp:attachment":[{"href":"https:\/\/wir-recyceln-fasern.de\/en\/wp-json\/wp\/v2\/media?parent=295"}],"curies":[{"name":"wp","href":"https:\/\/api.w.org\/{rel}","templated":true}]}}